{"id":2436,"date":"2025-09-18T15:59:59","date_gmt":"2025-09-18T15:59:59","guid":{"rendered":"https:\/\/ceweb-agency.com\/?page_id=2436"},"modified":"2025-11-27T14:43:00","modified_gmt":"2025-11-27T14:43:00","slug":"mentions-legales","status":"publish","type":"page","link":"https:\/\/ceweb-agency.com\/es\/mentions-legales\/","title":{"rendered":"Aviso legal"},"content":{"rendered":"<div data-elementor-type=\"wp-page\" data-elementor-id=\"2436\" class=\"elementor elementor-2436\" data-elementor-settings=\"{&quot;element_pack_global_tooltip_width&quot;:{&quot;unit&quot;:&quot;px&quot;,&quot;size&quot;:&quot;&quot;,&quot;sizes&quot;:[]},&quot;element_pack_global_tooltip_width_tablet&quot;:{&quot;unit&quot;:&quot;px&quot;,&quot;size&quot;:&quot;&quot;,&quot;sizes&quot;:[]},&quot;element_pack_global_tooltip_width_mobile&quot;:{&quot;unit&quot;:&quot;px&quot;,&quot;size&quot;:&quot;&quot;,&quot;sizes&quot;:[]},&quot;element_pack_global_tooltip_padding&quot;:{&quot;unit&quot;:&quot;px&quot;,&quot;top&quot;:&quot;&quot;,&quot;right&quot;:&quot;&quot;,&quot;bottom&quot;:&quot;&quot;,&quot;left&quot;:&quot;&quot;,&quot;isLinked&quot;:true},&quot;element_pack_global_tooltip_padding_tablet&quot;:{&quot;unit&quot;:&quot;px&quot;,&quot;top&quot;:&quot;&quot;,&quot;right&quot;:&quot;&quot;,&quot;bottom&quot;:&quot;&quot;,&quot;left&quot;:&quot;&quot;,&quot;isLinked&quot;:true},&quot;element_pack_global_tooltip_padding_mobile&quot;:{&quot;unit&quot;:&quot;px&quot;,&quot;top&quot;:&quot;&quot;,&quot;right&quot;:&quot;&quot;,&quot;bottom&quot;:&quot;&quot;,&quot;left&quot;:&quot;&quot;,&quot;isLinked&quot;:true},&quot;element_pack_global_tooltip_border_radius&quot;:{&quot;unit&quot;:&quot;px&quot;,&quot;top&quot;:&quot;&quot;,&quot;right&quot;:&quot;&quot;,&quot;bottom&quot;:&quot;&quot;,&quot;left&quot;:&quot;&quot;,&quot;isLinked&quot;:true},&quot;element_pack_global_tooltip_border_radius_tablet&quot;:{&quot;unit&quot;:&quot;px&quot;,&quot;top&quot;:&quot;&quot;,&quot;right&quot;:&quot;&quot;,&quot;bottom&quot;:&quot;&quot;,&quot;left&quot;:&quot;&quot;,&quot;isLinked&quot;:true},&quot;element_pack_global_tooltip_border_radius_mobile&quot;:{&quot;unit&quot;:&quot;px&quot;,&quot;top&quot;:&quot;&quot;,&quot;right&quot;:&quot;&quot;,&quot;bottom&quot;:&quot;&quot;,&quot;left&quot;:&quot;&quot;,&quot;isLinked&quot;:true}}\" data-elementor-post-type=\"page\">\n\t\t\t\t<div class=\"elementor-element elementor-element-d498f27 e-con-full bdt-particles-yes e-flex magic-button-disabled-no e-con e-parent\" data-id=\"d498f27\" data-element_type=\"container\" data-e-type=\"container\" data-settings=\"{&quot;background_background&quot;:&quot;gradient&quot;,&quot;section_particles_on&quot;:&quot;yes&quot;,&quot;section_particles_js&quot;:&quot;{\\n  \\&quot;particles\\&quot;: {\\n    \\&quot;number\\&quot;: {\\n      \\&quot;value\\&quot;: 160,\\n      \\&quot;density\\&quot;: {\\n        \\&quot;enable\\&quot;: true,\\n        \\&quot;value_area\\&quot;: 800\\n      }\\n    },\\n    \\&quot;color\\&quot;: {\\n      \\&quot;value\\&quot;: \\&quot;#ffffff\\&quot;\\n    },\\n    \\&quot;shape\\&quot;: {\\n      \\&quot;type\\&quot;: \\&quot;circle\\&quot;,\\n      \\&quot;stroke\\&quot;: {\\n        \\&quot;width\\&quot;: 0,\\n        \\&quot;color\\&quot;: \\&quot;#000000\\&quot;\\n      },\\n      \\&quot;polygon\\&quot;: {\\n        \\&quot;nb_sides\\&quot;: 5\\n      },\\n      \\&quot;image\\&quot;: {\\n        \\&quot;src\\&quot;: \\&quot;img\\\/github.svg\\&quot;,\\n        \\&quot;width\\&quot;: 100,\\n        \\&quot;height\\&quot;: 100\\n      }\\n    },\\n    \\&quot;opacity\\&quot;: {\\n      \\&quot;value\\&quot;: 1,\\n      \\&quot;random\\&quot;: true,\\n      \\&quot;anim\\&quot;: {\\n        \\&quot;enable\\&quot;: true,\\n        \\&quot;speed\\&quot;: 1,\\n        \\&quot;opacity_min\\&quot;: 0,\\n        \\&quot;sync\\&quot;: false\\n      }\\n    },\\n    \\&quot;size\\&quot;: {\\n      \\&quot;value\\&quot;: 3,\\n      \\&quot;random\\&quot;: true,\\n      \\&quot;anim\\&quot;: {\\n        \\&quot;enable\\&quot;: false,\\n        \\&quot;speed\\&quot;: 4,\\n        \\&quot;size_min\\&quot;: 0.3,\\n        \\&quot;sync\\&quot;: false\\n      }\\n    },\\n    \\&quot;line_linked\\&quot;: {\\n      \\&quot;enable\\&quot;: false,\\n      \\&quot;distance\\&quot;: 150,\\n      \\&quot;color\\&quot;: \\&quot;#ffffff\\&quot;,\\n      \\&quot;opacity\\&quot;: 0.4,\\n      \\&quot;width\\&quot;: 1\\n    },\\n    \\&quot;move\\&quot;: {\\n      \\&quot;enable\\&quot;: true,\\n      \\&quot;speed\\&quot;: 1,\\n      \\&quot;direction\\&quot;: \\&quot;none\\&quot;,\\n      \\&quot;random\\&quot;: true,\\n      \\&quot;straight\\&quot;: false,\\n      \\&quot;out_mode\\&quot;: \\&quot;out\\&quot;,\\n      \\&quot;bounce\\&quot;: false,\\n      \\&quot;attract\\&quot;: {\\n        \\&quot;enable\\&quot;: false,\\n        \\&quot;rotateX\\&quot;: 600,\\n        \\&quot;rotateY\\&quot;: 600\\n      }\\n    }\\n  },\\n  \\&quot;interactivity\\&quot;: {\\n    \\&quot;detect_on\\&quot;: \\&quot;canvas\\&quot;,\\n    \\&quot;events\\&quot;: {\\n      \\&quot;onhover\\&quot;: {\\n        \\&quot;enable\\&quot;: true,\\n        \\&quot;mode\\&quot;: \\&quot;bubble\\&quot;\\n      },\\n      \\&quot;onclick\\&quot;: {\\n        \\&quot;enable\\&quot;: true,\\n        \\&quot;mode\\&quot;: \\&quot;repulse\\&quot;\\n      },\\n      \\&quot;resize\\&quot;: true\\n    },\\n    \\&quot;modes\\&quot;: {\\n      \\&quot;grab\\&quot;: {\\n        \\&quot;distance\\&quot;: 400,\\n        \\&quot;line_linked\\&quot;: {\\n          \\&quot;opacity\\&quot;: 1\\n        }\\n      },\\n      \\&quot;bubble\\&quot;: {\\n        \\&quot;distance\\&quot;: 250,\\n        \\&quot;size\\&quot;: 0,\\n        \\&quot;duration\\&quot;: 2,\\n        \\&quot;opacity\\&quot;: 0,\\n        \\&quot;speed\\&quot;: 3\\n      },\\n      \\&quot;repulse\\&quot;: {\\n        \\&quot;distance\\&quot;: 400,\\n        \\&quot;duration\\&quot;: 0.4\\n      },\\n      \\&quot;push\\&quot;: {\\n        \\&quot;particles_nb\\&quot;: 4\\n      },\\n      \\&quot;remove\\&quot;: {\\n        \\&quot;particles_nb\\&quot;: 2\\n      }\\n    }\\n  },\\n  \\&quot;retina_detect\\&quot;: true\\n}&quot;}\">\n\t\t\t\t<div class=\"elementor-element elementor-element-6ca68e7 elementor-widget__width-initial elementor-widget elementor-widget-heading\" data-id=\"6ca68e7\" data-element_type=\"widget\" data-e-type=\"widget\" data-widget_type=\"heading.default\">\n\t\t\t\t<div class=\"elementor-widget-container\">\n\t\t\t\t\t<h1 class=\"elementor-heading-title elementor-size-default\">Aviso legal<\/h1>\t\t\t\t<\/div>\n\t\t\t\t<\/div>\n\t\t\t\t<\/div>\n\t\t<div class=\"elementor-element elementor-element-e1ca238 e-flex e-con-boxed magic-button-disabled-no e-con e-parent\" data-id=\"e1ca238\" data-element_type=\"container\" data-e-type=\"container\">\n\t\t\t\t\t<div class=\"e-con-inner\">\n\t\t\t\t<div class=\"elementor-element elementor-element-ec68e3b elementor-widget elementor-widget-text-editor\" data-id=\"ec68e3b\" data-element_type=\"widget\" data-e-type=\"widget\" data-widget_type=\"text-editor.default\">\n\t\t\t\t<div class=\"elementor-widget-container\">\n\t\t\t\t\t\t\t\t\t<p>En vigor el 18\/09\/2025<\/p><p>De conformidad con las disposiciones de la ley n\u00b02004-575 del 21 de junio de 2004 para la confianza en la econom\u00eda digital, se da a conocer a los usuarios y visitantes del sitio ceweb-agency.com el presente aviso legal.<\/p><p>La conexi\u00f3n y navegaci\u00f3n en el sitio por parte del usuario implica la aceptaci\u00f3n plena y sin reservas de este aviso legal.<\/p>\t\t\t\t\t\t\t\t<\/div>\n\t\t\t\t<\/div>\n\t\t\t\t<div class=\"elementor-element elementor-element-19b8090 elementor-widget elementor-widget-heading\" data-id=\"19b8090\" data-element_type=\"widget\" data-e-type=\"widget\" data-widget_type=\"heading.default\">\n\t\t\t\t<div class=\"elementor-widget-container\">\n\t\t\t\t\t<h2 class=\"elementor-heading-title elementor-size-default\">ART\u00cdCULO 1 - EDICI\u00d3N DEL SITIO<\/h2>\t\t\t\t<\/div>\n\t\t\t\t<\/div>\n\t\t\t\t<div class=\"elementor-element elementor-element-8512c52 elementor-widget elementor-widget-text-editor\" data-id=\"8512c52\" data-element_type=\"widget\" data-e-type=\"widget\" data-widget_type=\"text-editor.default\">\n\t\t\t\t<div class=\"elementor-widget-container\">\n\t\t\t\t\t\t\t\t\t<p>La edici\u00f3n del Sitio est\u00e1 a cargo de la sociedad CEWeb Agency, SAS - Soci\u00e9t\u00e9 par actions simplifi\u00e9s au capital de 1000 euros, inscrita en el Registro de Comercio y Sociedades de Par\u00eds con el n\u00famero 934612680 cuya sede social se encuentra en 66 AVENUE DE LA BOURDONNAIS 75007 PAR\u00cdS, FRANCIA<\/p><ul class=\"wp-block-list\"><li><strong>N\u00famero de tel\u00e9fono<\/strong> : <a href=\"tel:+33140679904\" data-dtype=\"d3ph\" data-local-attribute=\"d3ph\" data-ved=\"2ahUKEwiy2-2UyJKRAxX1SKQEHXQkM8cQkAgoAHoECDgQAw\"><span aria-label=\"Appeler le +33 1 40 67 99 04\">+33 1 40 67 99 04<\/span><\/a><\/li><\/ul><ul class=\"wp-block-list\"><li><strong>Correo electr\u00f3nico<\/strong>\u00a0: support@ceweb-agency.com.<\/li><\/ul><ul class=\"wp-block-list\"><li><strong>N\u00b0 de IVA intracomunitario<\/strong>\u00a0: FR90934612680<\/li><\/ul><ul class=\"wp-block-list\"><li><strong>Director de publicaci\u00f3n<\/strong>\u00a0: Cl\u00e9ment WALSH DE SERRANT<\/li><\/ul>\t\t\t\t\t\t\t\t<\/div>\n\t\t\t\t<\/div>\n\t\t\t\t<div class=\"elementor-element elementor-element-73c1c2e elementor-widget elementor-widget-heading\" data-id=\"73c1c2e\" data-element_type=\"widget\" data-e-type=\"widget\" data-widget_type=\"heading.default\">\n\t\t\t\t<div class=\"elementor-widget-container\">\n\t\t\t\t\t<h2 class=\"elementor-heading-title elementor-size-default\">ART\u00cdCULO 2 - PROVEEDOR<\/h2>\t\t\t\t<\/div>\n\t\t\t\t<\/div>\n\t\t\t\t<div class=\"elementor-element elementor-element-4d44f20 elementor-widget elementor-widget-text-editor\" data-id=\"4d44f20\" data-element_type=\"widget\" data-e-type=\"widget\" data-widget_type=\"text-editor.default\">\n\t\t\t\t<div class=\"elementor-widget-container\">\n\t\t\t\t\t\t\t\t\t<p>El anfitri\u00f3n del sitio es la empresa <a href=\"https:\/\/www.hostinger.com\/fr\/referral?REFERRALCODE=CEWEBAGENCY\" target=\"_blank\" rel=\"noopener\">Hostinger<\/a>, con domicilio social en \u0160vitrigailos str. 34, Vilnius 03230 Lithuania.<\/p>\t\t\t\t\t\t\t\t<\/div>\n\t\t\t\t<\/div>\n\t\t\t\t<div class=\"elementor-element elementor-element-825250d elementor-widget elementor-widget-heading\" data-id=\"825250d\" data-element_type=\"widget\" data-e-type=\"widget\" data-widget_type=\"heading.default\">\n\t\t\t\t<div class=\"elementor-widget-container\">\n\t\t\t\t\t<h2 class=\"elementor-heading-title elementor-size-default\">ART\u00cdCULO 3 - ACCESO AL SITIO<\/h2>\t\t\t\t<\/div>\n\t\t\t\t<\/div>\n\t\t\t\t<div class=\"elementor-element elementor-element-3d7f88e elementor-widget elementor-widget-text-editor\" data-id=\"3d7f88e\" data-element_type=\"widget\" data-e-type=\"widget\" data-widget_type=\"text-editor.default\">\n\t\t\t\t<div class=\"elementor-widget-container\">\n\t\t\t\t\t\t\t\t\t<p>El sitio est\u00e1 normalmente accesible, en todo momento, al usuario. No obstante, el editor podr\u00e1, en cualquier momento, suspender, limitar o interrumpir la p\u00e1gina web para proceder, en particular, a actualizaciones o modificaciones de su contenido. El editor no podr\u00e1 en ning\u00fan caso ser considerado responsable de las posibles consecuencias de esta indisponibilidad sobre las actividades del usuario.<\/p>\t\t\t\t\t\t\t\t<\/div>\n\t\t\t\t<\/div>\n\t\t\t\t<div class=\"elementor-element elementor-element-6293877 elementor-widget elementor-widget-heading\" data-id=\"6293877\" data-element_type=\"widget\" data-e-type=\"widget\" data-widget_type=\"heading.default\">\n\t\t\t\t<div class=\"elementor-widget-container\">\n\t\t\t\t\t<h2 class=\"elementor-heading-title elementor-size-default\">ART\u00cdCULO 4 - RECOGIDA DE DATOS<\/h2>\t\t\t\t<\/div>\n\t\t\t\t<\/div>\n\t\t\t\t<div class=\"elementor-element elementor-element-4502bbe elementor-widget elementor-widget-text-editor\" data-id=\"4502bbe\" data-element_type=\"widget\" data-e-type=\"widget\" data-widget_type=\"text-editor.default\">\n\t\t\t\t<div class=\"elementor-widget-container\">\n\t\t\t\t\t\t\t\t\t<p class=\"translation-block\">El Sitio garantiza al Usuario una recogida y un tratamiento de los datos personales en el respeto de la vida privada conforme a la ley n\u00b078-17 del 6 de enero de 1978 relativa a la inform\u00e1tica, a los ficheros de las libertades y en cumplimiento de la normativa aplicable en materia de tratamiento de datos de car\u00e1cter personal con arreglo al Reglamento (UE) 2016\/679 del Parlamento Europeo y del Consejo, de 27 de abril de 2016 (en adelante, conjuntamente, la \u00ab<strong>Normativa aplicable en materia de protecci\u00f3n de datos personales\u00bb<\/strong>).<\/p><p>En virtud de la Normativa aplicable en materia de protecci\u00f3n de Datos de car\u00e1cter personal, el Usuario dispone de un derecho de acceso, rectificaci\u00f3n, supresi\u00f3n y oposici\u00f3n a sus datos personales. El Usuario puede ejercer este derecho:<\/p><ul class=\"wp-block-list\"><li>por correo electr\u00f3nico a support@ceweb-agency.com<\/li><\/ul>\t\t\t\t\t\t\t\t<\/div>\n\t\t\t\t<\/div>\n\t\t\t\t<div class=\"elementor-element elementor-element-571f915 elementor-widget elementor-widget-heading\" data-id=\"571f915\" data-element_type=\"widget\" data-e-type=\"widget\" data-widget_type=\"heading.default\">\n\t\t\t\t<div class=\"elementor-widget-container\">\n\t\t\t\t\t<h2 class=\"elementor-heading-title elementor-size-default\">ART\u00cdCULO 5 - PROPIEDAD INTELECTUAL<\/h2>\t\t\t\t<\/div>\n\t\t\t\t<\/div>\n\t\t\t\t<div class=\"elementor-element elementor-element-c988fa0 elementor-widget elementor-widget-text-editor\" data-id=\"c988fa0\" data-element_type=\"widget\" data-e-type=\"widget\" data-widget_type=\"text-editor.default\">\n\t\t\t\t<div class=\"elementor-widget-container\">\n\t\t\t\t\t\t\t\t\t<p>Cualquier uso, reproducci\u00f3n, difusi\u00f3n, comercializaci\u00f3n, modificaci\u00f3n de todo o parte del sitio, sin la autorizaci\u00f3n expresa del editor est\u00e1 prohibido y puede dar lugar a acciones judiciales seg\u00fan lo previsto por la normativa en vigor.<\/p>\t\t\t\t\t\t\t\t<\/div>\n\t\t\t\t<\/div>\n\t\t\t\t<div class=\"elementor-element elementor-element-47c659e elementor-widget elementor-widget-heading\" data-id=\"47c659e\" data-element_type=\"widget\" data-e-type=\"widget\" data-widget_type=\"heading.default\">\n\t\t\t\t<div class=\"elementor-widget-container\">\n\t\t\t\t\t<h2 class=\"elementor-heading-title elementor-size-default\">ART\u00cdCULO 6 - COOKIES<\/h2>\t\t\t\t<\/div>\n\t\t\t\t<\/div>\n\t\t\t\t<div class=\"elementor-element elementor-element-df59ce5 elementor-widget elementor-widget-text-editor\" data-id=\"df59ce5\" data-element_type=\"widget\" data-e-type=\"widget\" data-widget_type=\"text-editor.default\">\n\t\t\t\t<div class=\"elementor-widget-container\">\n\t\t\t\t\t\t\t\t\t<p class=\"translation-block\">Para m\u00e1s informaci\u00f3n en materia de cookies, consultar la pol\u00edtica en materia de cookies del sitio ceweb-agency.com accesible a la r\u00fabrica <a href=\"\/es\/politique-de-cookies-ue\/es\/\" target=\"_self\">Pol\u00edtica de Gesti\u00f3n de las Cookies<\/a><\/p>\t\t\t\t\t\t\t\t<\/div>\n\t\t\t\t<\/div>\n\t\t\t\t\t<\/div>\n\t\t\t\t<\/div>\n\t\t\t\t<\/div>","protected":false},"excerpt":{"rendered":"<p>Mentions L\u00e9gales En vigueur au 18\/09\/2025 Conform\u00e9ment aux dispositions de la loi n\u00b02004-575 du 21 juin 2004 pour la Confiance en l\u2019\u00e9conomie num\u00e9rique, il est port\u00e9 \u00e0 la connaissance des utilisateurs et visiteurs du site ceweb-agency.com les pr\u00e9sentes mentions l\u00e9gales. La connexion et la navigation sur le site par l\u2019utilisateur implique acceptation int\u00e9grale et sans [&hellip;]<\/p>\n","protected":false},"author":1,"featured_media":0,"parent":0,"menu_order":0,"comment_status":"closed","ping_status":"closed","template":"","meta":{"content-type":"","footnotes":""},"class_list":["post-2436","page","type-page","status-publish","hentry"],"blocksy_meta":{"has_hero_section":"disabled","vertical_spacing_source":"custom","content_area_spacing":"none","styles_descriptor":{"styles":{"desktop":"","tablet":"","mobile":""},"google_fonts":[],"version":6}},"yoast_head":"<!-- This site is optimized with the Yoast SEO plugin v27.5 - https:\/\/yoast.com\/product\/yoast-seo-wordpress\/ -->\n<title>Mentions L\u00e9gales - CEWeb Agency<\/title>\n<meta name=\"robots\" content=\"index, follow, max-snippet:-1, max-image-preview:large, max-video-preview:-1\" \/>\n<link rel=\"canonical\" href=\"https:\/\/ceweb-agency.com\/es\/mentions-legales\/\" \/>\n<meta property=\"og:locale\" content=\"es_ES\" \/>\n<meta property=\"og:type\" content=\"article\" \/>\n<meta property=\"og:title\" content=\"Mentions L\u00e9gales - CEWeb Agency\" \/>\n<meta property=\"og:description\" content=\"Mentions L\u00e9gales En vigueur au 18\/09\/2025 Conform\u00e9ment aux dispositions de la loi n\u00b02004-575 du 21 juin 2004 pour la Confiance en l\u2019\u00e9conomie num\u00e9rique, il est port\u00e9 \u00e0 la connaissance des utilisateurs et visiteurs du site ceweb-agency.com les pr\u00e9sentes mentions l\u00e9gales. La connexion et la navigation sur le site par l\u2019utilisateur implique acceptation int\u00e9grale et sans [&hellip;]\" \/>\n<meta property=\"og:url\" content=\"https:\/\/ceweb-agency.com\/es\/mentions-legales\/\" \/>\n<meta property=\"og:site_name\" content=\"CEWeb Agency\" \/>\n<meta property=\"article:modified_time\" content=\"2025-11-27T14:43:00+00:00\" \/>\n<meta name=\"twitter:card\" content=\"summary_large_image\" \/>\n<meta name=\"twitter:label1\" content=\"Tiempo de lectura\" \/>\n\t<meta name=\"twitter:data1\" content=\"3 minutos\" \/>\n<script type=\"application\/ld+json\" class=\"yoast-schema-graph\">{\"@context\":\"https:\\\/\\\/schema.org\",\"@graph\":[{\"@type\":\"WebPage\",\"@id\":\"https:\\\/\\\/ceweb-agency.com\\\/mentions-legales\\\/\",\"url\":\"https:\\\/\\\/ceweb-agency.com\\\/mentions-legales\\\/\",\"name\":\"Mentions L\u00e9gales - CEWeb Agency\",\"isPartOf\":{\"@id\":\"https:\\\/\\\/ceweb-agency.com\\\/#website\"},\"datePublished\":\"2025-09-18T15:59:59+00:00\",\"dateModified\":\"2025-11-27T14:43:00+00:00\",\"breadcrumb\":{\"@id\":\"https:\\\/\\\/ceweb-agency.com\\\/mentions-legales\\\/#breadcrumb\"},\"inLanguage\":\"es\",\"potentialAction\":[{\"@type\":\"ReadAction\",\"target\":[\"https:\\\/\\\/ceweb-agency.com\\\/mentions-legales\\\/\"]}]},{\"@type\":\"BreadcrumbList\",\"@id\":\"https:\\\/\\\/ceweb-agency.com\\\/mentions-legales\\\/#breadcrumb\",\"itemListElement\":[{\"@type\":\"ListItem\",\"position\":1,\"name\":\"Home\",\"item\":\"https:\\\/\\\/ceweb-agency.com\\\/\"},{\"@type\":\"ListItem\",\"position\":2,\"name\":\"Mentions L\u00e9gales\"}]},{\"@type\":\"WebSite\",\"@id\":\"https:\\\/\\\/ceweb-agency.com\\\/#website\",\"url\":\"https:\\\/\\\/ceweb-agency.com\\\/\",\"name\":\"CEWeb Agency\",\"description\":\"Agence web sp\u00e9cialis\u00e9es en d\u00e9veloppement et conseils\",\"publisher\":{\"@id\":\"https:\\\/\\\/ceweb-agency.com\\\/#organization\"},\"potentialAction\":[{\"@type\":\"SearchAction\",\"target\":{\"@type\":\"EntryPoint\",\"urlTemplate\":\"https:\\\/\\\/ceweb-agency.com\\\/?s={search_term_string}\"},\"query-input\":{\"@type\":\"PropertyValueSpecification\",\"valueRequired\":true,\"valueName\":\"search_term_string\"}}],\"inLanguage\":\"es\"},{\"@type\":\"Organization\",\"@id\":\"https:\\\/\\\/ceweb-agency.com\\\/#organization\",\"name\":\"CEWeb Agency\",\"url\":\"https:\\\/\\\/ceweb-agency.com\\\/\",\"logo\":{\"@type\":\"ImageObject\",\"inLanguage\":\"es\",\"@id\":\"https:\\\/\\\/ceweb-agency.com\\\/#\\\/schema\\\/logo\\\/image\\\/\",\"url\":\"https:\\\/\\\/ceweb-agency.com\\\/wp-content\\\/uploads\\\/2025\\\/06\\\/Logo-Black-Trans.png\",\"contentUrl\":\"https:\\\/\\\/ceweb-agency.com\\\/wp-content\\\/uploads\\\/2025\\\/06\\\/Logo-Black-Trans.png\",\"width\":1790,\"height\":740,\"caption\":\"CEWeb Agency\"},\"image\":{\"@id\":\"https:\\\/\\\/ceweb-agency.com\\\/#\\\/schema\\\/logo\\\/image\\\/\"},\"sameAs\":[\"https:\\\/\\\/www.linkedin.com\\\/company\\\/clement-wds\\\/\"]}]}<\/script>\n<!-- \/ Yoast SEO plugin. -->","yoast_head_json":{"title":"Aviso Legal - CEWeb Agency","robots":{"index":"index","follow":"follow","max-snippet":"max-snippet:-1","max-image-preview":"max-image-preview:large","max-video-preview":"max-video-preview:-1"},"canonical":"https:\/\/ceweb-agency.com\/es\/mentions-legales\/","og_locale":"es_ES","og_type":"article","og_title":"Mentions L\u00e9gales - CEWeb Agency","og_description":"Mentions L\u00e9gales En vigueur au 18\/09\/2025 Conform\u00e9ment aux dispositions de la loi n\u00b02004-575 du 21 juin 2004 pour la Confiance en l\u2019\u00e9conomie num\u00e9rique, il est port\u00e9 \u00e0 la connaissance des utilisateurs et visiteurs du site ceweb-agency.com les pr\u00e9sentes mentions l\u00e9gales. La connexion et la navigation sur le site par l\u2019utilisateur implique acceptation int\u00e9grale et sans [&hellip;]","og_url":"https:\/\/ceweb-agency.com\/es\/mentions-legales\/","og_site_name":"CEWeb Agency","article_modified_time":"2025-11-27T14:43:00+00:00","twitter_card":"summary_large_image","twitter_misc":{"Tiempo de lectura":"3 minutos"},"schema":{"@context":"https:\/\/schema.org","@graph":[{"@type":"WebPage","@id":"https:\/\/ceweb-agency.com\/mentions-legales\/","url":"https:\/\/ceweb-agency.com\/mentions-legales\/","name":"Aviso Legal - CEWeb Agency","isPartOf":{"@id":"https:\/\/ceweb-agency.com\/#website"},"datePublished":"2025-09-18T15:59:59+00:00","dateModified":"2025-11-27T14:43:00+00:00","breadcrumb":{"@id":"https:\/\/ceweb-agency.com\/mentions-legales\/#breadcrumb"},"inLanguage":"es","potentialAction":[{"@type":"ReadAction","target":["https:\/\/ceweb-agency.com\/mentions-legales\/"]}]},{"@type":"BreadcrumbList","@id":"https:\/\/ceweb-agency.com\/mentions-legales\/#breadcrumb","itemListElement":[{"@type":"ListItem","position":1,"name":"Home","item":"https:\/\/ceweb-agency.com\/"},{"@type":"ListItem","position":2,"name":"Mentions L\u00e9gales"}]},{"@type":"WebSite","@id":"https:\/\/ceweb-agency.com\/#website","url":"https:\/\/ceweb-agency.com\/","name":"CEWeb Agency","description":"Agencia web especializada en desarrollo y asesoramiento","publisher":{"@id":"https:\/\/ceweb-agency.com\/#organization"},"potentialAction":[{"@type":"SearchAction","target":{"@type":"EntryPoint","urlTemplate":"https:\/\/ceweb-agency.com\/?s={search_term_string}"},"query-input":{"@type":"PropertyValueSpecification","valueRequired":true,"valueName":"search_term_string"}}],"inLanguage":"es"},{"@type":"Organization","@id":"https:\/\/ceweb-agency.com\/#organization","name":"CEWeb Agency","url":"https:\/\/ceweb-agency.com\/","logo":{"@type":"ImageObject","inLanguage":"es","@id":"https:\/\/ceweb-agency.com\/#\/schema\/logo\/image\/","url":"https:\/\/ceweb-agency.com\/wp-content\/uploads\/2025\/06\/Logo-Black-Trans.png","contentUrl":"https:\/\/ceweb-agency.com\/wp-content\/uploads\/2025\/06\/Logo-Black-Trans.png","width":1790,"height":740,"caption":"CEWeb Agency"},"image":{"@id":"https:\/\/ceweb-agency.com\/#\/schema\/logo\/image\/"},"sameAs":["https:\/\/www.linkedin.com\/company\/clement-wds\/"]}]}},"_links":{"self":[{"href":"https:\/\/ceweb-agency.com\/es\/wp-json\/wp\/v2\/pages\/2436","targetHints":{"allow":["GET"]}}],"collection":[{"href":"https:\/\/ceweb-agency.com\/es\/wp-json\/wp\/v2\/pages"}],"about":[{"href":"https:\/\/ceweb-agency.com\/es\/wp-json\/wp\/v2\/types\/page"}],"author":[{"embeddable":true,"href":"https:\/\/ceweb-agency.com\/es\/wp-json\/wp\/v2\/users\/1"}],"replies":[{"embeddable":true,"href":"https:\/\/ceweb-agency.com\/es\/wp-json\/wp\/v2\/comments?post=2436"}],"version-history":[{"count":19,"href":"https:\/\/ceweb-agency.com\/es\/wp-json\/wp\/v2\/pages\/2436\/revisions"}],"predecessor-version":[{"id":2709,"href":"https:\/\/ceweb-agency.com\/es\/wp-json\/wp\/v2\/pages\/2436\/revisions\/2709"}],"wp:attachment":[{"href":"https:\/\/ceweb-agency.com\/es\/wp-json\/wp\/v2\/media?parent=2436"}],"curies":[{"name":"wp","href":"https:\/\/api.w.org\/{rel}","templated":true}]}}