{"id":2329,"date":"2025-09-16T13:08:30","date_gmt":"2025-09-16T13:08:30","guid":{"rendered":"https:\/\/ceweb-agency.com\/?page_id=2329"},"modified":"2025-09-16T13:12:30","modified_gmt":"2025-09-16T13:12:30","slug":"fleximate-pre-register","status":"publish","type":"page","link":"https:\/\/ceweb-agency.com\/it\/fleximate-pre-register\/","title":{"rendered":"Pre-registrazione Fleximate"},"content":{"rendered":"<div data-elementor-type=\"wp-page\" data-elementor-id=\"2329\" class=\"elementor elementor-2329\" data-elementor-settings=\"{&quot;element_pack_global_tooltip_width&quot;:{&quot;unit&quot;:&quot;px&quot;,&quot;size&quot;:&quot;&quot;,&quot;sizes&quot;:[]},&quot;element_pack_global_tooltip_width_tablet&quot;:{&quot;unit&quot;:&quot;px&quot;,&quot;size&quot;:&quot;&quot;,&quot;sizes&quot;:[]},&quot;element_pack_global_tooltip_width_mobile&quot;:{&quot;unit&quot;:&quot;px&quot;,&quot;size&quot;:&quot;&quot;,&quot;sizes&quot;:[]},&quot;element_pack_global_tooltip_padding&quot;:{&quot;unit&quot;:&quot;px&quot;,&quot;top&quot;:&quot;&quot;,&quot;right&quot;:&quot;&quot;,&quot;bottom&quot;:&quot;&quot;,&quot;left&quot;:&quot;&quot;,&quot;isLinked&quot;:true},&quot;element_pack_global_tooltip_padding_tablet&quot;:{&quot;unit&quot;:&quot;px&quot;,&quot;top&quot;:&quot;&quot;,&quot;right&quot;:&quot;&quot;,&quot;bottom&quot;:&quot;&quot;,&quot;left&quot;:&quot;&quot;,&quot;isLinked&quot;:true},&quot;element_pack_global_tooltip_padding_mobile&quot;:{&quot;unit&quot;:&quot;px&quot;,&quot;top&quot;:&quot;&quot;,&quot;right&quot;:&quot;&quot;,&quot;bottom&quot;:&quot;&quot;,&quot;left&quot;:&quot;&quot;,&quot;isLinked&quot;:true},&quot;element_pack_global_tooltip_border_radius&quot;:{&quot;unit&quot;:&quot;px&quot;,&quot;top&quot;:&quot;&quot;,&quot;right&quot;:&quot;&quot;,&quot;bottom&quot;:&quot;&quot;,&quot;left&quot;:&quot;&quot;,&quot;isLinked&quot;:true},&quot;element_pack_global_tooltip_border_radius_tablet&quot;:{&quot;unit&quot;:&quot;px&quot;,&quot;top&quot;:&quot;&quot;,&quot;right&quot;:&quot;&quot;,&quot;bottom&quot;:&quot;&quot;,&quot;left&quot;:&quot;&quot;,&quot;isLinked&quot;:true},&quot;element_pack_global_tooltip_border_radius_mobile&quot;:{&quot;unit&quot;:&quot;px&quot;,&quot;top&quot;:&quot;&quot;,&quot;right&quot;:&quot;&quot;,&quot;bottom&quot;:&quot;&quot;,&quot;left&quot;:&quot;&quot;,&quot;isLinked&quot;:true}}\" data-elementor-post-type=\"page\">\n\t\t\t\t<div class=\"elementor-element elementor-element-11737be e-con-full bdt-particles-yes e-flex magic-button-disabled-no e-con e-parent\" data-id=\"11737be\" data-element_type=\"container\" data-e-type=\"container\" data-settings=\"{&quot;background_background&quot;:&quot;gradient&quot;,&quot;section_particles_on&quot;:&quot;yes&quot;,&quot;section_particles_js&quot;:&quot;{\\n  \\&quot;particles\\&quot;: {\\n    \\&quot;number\\&quot;: {\\n      \\&quot;value\\&quot;: 160,\\n      \\&quot;density\\&quot;: {\\n        \\&quot;enable\\&quot;: true,\\n        \\&quot;value_area\\&quot;: 800\\n      }\\n    },\\n    \\&quot;color\\&quot;: {\\n      \\&quot;value\\&quot;: \\&quot;#ffffff\\&quot;\\n    },\\n    \\&quot;shape\\&quot;: {\\n      \\&quot;type\\&quot;: \\&quot;circle\\&quot;,\\n      \\&quot;stroke\\&quot;: {\\n        \\&quot;width\\&quot;: 0,\\n        \\&quot;color\\&quot;: \\&quot;#000000\\&quot;\\n      },\\n      \\&quot;polygon\\&quot;: {\\n        \\&quot;nb_sides\\&quot;: 5\\n      },\\n      \\&quot;image\\&quot;: {\\n        \\&quot;src\\&quot;: \\&quot;img\\\/github.svg\\&quot;,\\n        \\&quot;width\\&quot;: 100,\\n        \\&quot;height\\&quot;: 100\\n      }\\n    },\\n    \\&quot;opacity\\&quot;: {\\n      \\&quot;value\\&quot;: 1,\\n      \\&quot;random\\&quot;: true,\\n      \\&quot;anim\\&quot;: {\\n        \\&quot;enable\\&quot;: true,\\n        \\&quot;speed\\&quot;: 1,\\n        \\&quot;opacity_min\\&quot;: 0,\\n        \\&quot;sync\\&quot;: false\\n      }\\n    },\\n    \\&quot;size\\&quot;: {\\n      \\&quot;value\\&quot;: 3,\\n      \\&quot;random\\&quot;: true,\\n      \\&quot;anim\\&quot;: {\\n        \\&quot;enable\\&quot;: false,\\n        \\&quot;speed\\&quot;: 4,\\n        \\&quot;size_min\\&quot;: 0.3,\\n        \\&quot;sync\\&quot;: false\\n      }\\n    },\\n    \\&quot;line_linked\\&quot;: {\\n      \\&quot;enable\\&quot;: false,\\n      \\&quot;distance\\&quot;: 150,\\n      \\&quot;color\\&quot;: \\&quot;#ffffff\\&quot;,\\n      \\&quot;opacity\\&quot;: 0.4,\\n      \\&quot;width\\&quot;: 1\\n    },\\n    \\&quot;move\\&quot;: {\\n      \\&quot;enable\\&quot;: true,\\n      \\&quot;speed\\&quot;: 1,\\n      \\&quot;direction\\&quot;: \\&quot;none\\&quot;,\\n      \\&quot;random\\&quot;: true,\\n      \\&quot;straight\\&quot;: false,\\n      \\&quot;out_mode\\&quot;: \\&quot;out\\&quot;,\\n      \\&quot;bounce\\&quot;: false,\\n      \\&quot;attract\\&quot;: {\\n        \\&quot;enable\\&quot;: false,\\n        \\&quot;rotateX\\&quot;: 600,\\n        \\&quot;rotateY\\&quot;: 600\\n      }\\n    }\\n  },\\n  \\&quot;interactivity\\&quot;: {\\n    \\&quot;detect_on\\&quot;: \\&quot;canvas\\&quot;,\\n    \\&quot;events\\&quot;: {\\n      \\&quot;onhover\\&quot;: {\\n        \\&quot;enable\\&quot;: true,\\n        \\&quot;mode\\&quot;: \\&quot;bubble\\&quot;\\n      },\\n      \\&quot;onclick\\&quot;: {\\n        \\&quot;enable\\&quot;: true,\\n        \\&quot;mode\\&quot;: \\&quot;repulse\\&quot;\\n      },\\n      \\&quot;resize\\&quot;: true\\n    },\\n    \\&quot;modes\\&quot;: {\\n      \\&quot;grab\\&quot;: {\\n        \\&quot;distance\\&quot;: 400,\\n        \\&quot;line_linked\\&quot;: {\\n          \\&quot;opacity\\&quot;: 1\\n        }\\n      },\\n      \\&quot;bubble\\&quot;: {\\n        \\&quot;distance\\&quot;: 250,\\n        \\&quot;size\\&quot;: 0,\\n        \\&quot;duration\\&quot;: 2,\\n        \\&quot;opacity\\&quot;: 0,\\n        \\&quot;speed\\&quot;: 3\\n      },\\n      \\&quot;repulse\\&quot;: {\\n        \\&quot;distance\\&quot;: 400,\\n        \\&quot;duration\\&quot;: 0.4\\n      },\\n      \\&quot;push\\&quot;: {\\n        \\&quot;particles_nb\\&quot;: 4\\n      },\\n      \\&quot;remove\\&quot;: {\\n        \\&quot;particles_nb\\&quot;: 2\\n      }\\n    }\\n  },\\n  \\&quot;retina_detect\\&quot;: true\\n}&quot;}\">\n\t\t\t\t<div class=\"elementor-element elementor-element-37036d6 elementor-widget__width-initial elementor-widget elementor-widget-heading\" data-id=\"37036d6\" data-element_type=\"widget\" data-e-type=\"widget\" data-widget_type=\"heading.default\">\n\t\t\t\t<div class=\"elementor-widget-container\">\n\t\t\t\t\t<h1 class=\"elementor-heading-title elementor-size-default\">Pre-registrazione Fleximate<\/h1>\t\t\t\t<\/div>\n\t\t\t\t<\/div>\n\t\t\t\t<div class=\"elementor-element elementor-element-67a325b elementor-widget__width-initial elementor-widget elementor-widget-text-editor\" data-id=\"67a325b\" data-element_type=\"widget\" data-e-type=\"widget\" data-widget_type=\"text-editor.default\">\n\t\t\t\t<div class=\"elementor-widget-container\">\n\t\t\t\t\t\t\t\t\t<p>Iscriviti ora per essere sicuro di non perdere il grande lancio e approfittare dei vantaggi esclusivi!\u00a0<\/p>\t\t\t\t\t\t\t\t<\/div>\n\t\t\t\t<\/div>\n\t\t\t\t<\/div>\n\t\t<div class=\"elementor-element elementor-element-6f89a74 e-flex e-con-boxed magic-button-disabled-no e-con e-parent\" data-id=\"6f89a74\" data-element_type=\"container\" data-e-type=\"container\">\n\t\t\t\t\t<div class=\"e-con-inner\">\n\t\t\t\t<div class=\"elementor-element elementor-element-bc052f7 elementor-widget elementor-widget-html\" data-id=\"bc052f7\" data-element_type=\"widget\" data-e-type=\"widget\" data-widget_type=\"html.default\">\n\t\t\t\t<div class=\"elementor-widget-container\">\n\t\t\t\t\t<iframe width=\"540\" height=\"750\" src=\"https:\/\/29704fae.sibforms.com\/serve\/MUIFAGdvcNkAB3MfT1bWpY87GiNVQghkQ8HGURuuHGFMFLqRCF-pHuArupsrPngTLNWXX_6dK6qEmAnIyt2WYfSWZhQdU99F_kDGKKDQOKzEYg083VMI1RylStlJtqcLxMShGsqrMnUFRFqb24YCBYScC2191yx245JPOLwxw6SnhF61IyhwomUxqJJiAKnskuaG3nK1dB75S6ql\" frameborder=\"0\" scrolling=\"auto\" allowfullscreen style=\"display: block;margin-left: auto;margin-right: auto;max-width: 100%;\"><\/iframe>\t\t\t\t<\/div>\n\t\t\t\t<\/div>\n\t\t\t\t\t<\/div>\n\t\t\t\t<\/div>\n\t\t\t\t<\/div>","protected":false},"excerpt":{"rendered":"<p>Pr\u00e9-inscription Fleximate Pr\u00e9inscrivez-vous d\u00e8s maintenant pour \u00eatre s\u00fbr de ne pas louper le grand lancement et profiter d&rsquo;avantages exclusifs !\u00a0<\/p>","protected":false},"author":1,"featured_media":0,"parent":0,"menu_order":0,"comment_status":"closed","ping_status":"closed","template":"","meta":{"content-type":"","footnotes":""},"class_list":["post-2329","page","type-page","status-publish","hentry"],"blocksy_meta":[],"yoast_head":"<!-- This site is optimized with the Yoast SEO plugin v27.4 - https:\/\/yoast.com\/product\/yoast-seo-wordpress\/ -->\n<title>Pr\u00e9-inscription Fleximate - CEWeb Agency<\/title>\n<meta name=\"robots\" content=\"index, follow, max-snippet:-1, max-image-preview:large, max-video-preview:-1\" \/>\n<link rel=\"canonical\" href=\"https:\/\/ceweb-agency.com\/it\/fleximate-pre-register\/\" \/>\n<meta property=\"og:locale\" content=\"it_IT\" \/>\n<meta property=\"og:type\" content=\"article\" \/>\n<meta property=\"og:title\" content=\"Pr\u00e9-inscription Fleximate - CEWeb Agency\" \/>\n<meta property=\"og:description\" content=\"Pr\u00e9-inscription Fleximate Pr\u00e9inscrivez-vous d\u00e8s maintenant pour \u00eatre s\u00fbr de ne pas louper le grand lancement et profiter d&rsquo;avantages exclusifs !\u00a0\" \/>\n<meta property=\"og:url\" content=\"https:\/\/ceweb-agency.com\/it\/fleximate-pre-register\/\" \/>\n<meta property=\"og:site_name\" content=\"CEWeb Agency\" \/>\n<meta property=\"article:modified_time\" content=\"2025-09-16T13:12:30+00:00\" \/>\n<meta name=\"twitter:card\" content=\"summary_large_image\" \/>\n<meta name=\"twitter:label1\" content=\"Tempo di lettura stimato\" \/>\n\t<meta name=\"twitter:data1\" content=\"1 minuto\" \/>\n<script type=\"application\/ld+json\" class=\"yoast-schema-graph\">{\"@context\":\"https:\\\/\\\/schema.org\",\"@graph\":[{\"@type\":\"WebPage\",\"@id\":\"https:\\\/\\\/ceweb-agency.com\\\/fleximate-pre-register\\\/\",\"url\":\"https:\\\/\\\/ceweb-agency.com\\\/fleximate-pre-register\\\/\",\"name\":\"Pr\u00e9-inscription Fleximate - CEWeb Agency\",\"isPartOf\":{\"@id\":\"https:\\\/\\\/ceweb-agency.com\\\/#website\"},\"datePublished\":\"2025-09-16T13:08:30+00:00\",\"dateModified\":\"2025-09-16T13:12:30+00:00\",\"breadcrumb\":{\"@id\":\"https:\\\/\\\/ceweb-agency.com\\\/fleximate-pre-register\\\/#breadcrumb\"},\"inLanguage\":\"it-IT\",\"potentialAction\":[{\"@type\":\"ReadAction\",\"target\":[\"https:\\\/\\\/ceweb-agency.com\\\/fleximate-pre-register\\\/\"]}]},{\"@type\":\"BreadcrumbList\",\"@id\":\"https:\\\/\\\/ceweb-agency.com\\\/fleximate-pre-register\\\/#breadcrumb\",\"itemListElement\":[{\"@type\":\"ListItem\",\"position\":1,\"name\":\"Home\",\"item\":\"https:\\\/\\\/ceweb-agency.com\\\/\"},{\"@type\":\"ListItem\",\"position\":2,\"name\":\"Pr\u00e9-inscription Fleximate\"}]},{\"@type\":\"WebSite\",\"@id\":\"https:\\\/\\\/ceweb-agency.com\\\/#website\",\"url\":\"https:\\\/\\\/ceweb-agency.com\\\/\",\"name\":\"CEWeb Agency\",\"description\":\"Agence web sp\u00e9cialis\u00e9es en d\u00e9veloppement et conseils\",\"publisher\":{\"@id\":\"https:\\\/\\\/ceweb-agency.com\\\/#organization\"},\"potentialAction\":[{\"@type\":\"SearchAction\",\"target\":{\"@type\":\"EntryPoint\",\"urlTemplate\":\"https:\\\/\\\/ceweb-agency.com\\\/?s={search_term_string}\"},\"query-input\":{\"@type\":\"PropertyValueSpecification\",\"valueRequired\":true,\"valueName\":\"search_term_string\"}}],\"inLanguage\":\"it-IT\"},{\"@type\":\"Organization\",\"@id\":\"https:\\\/\\\/ceweb-agency.com\\\/#organization\",\"name\":\"CEWeb Agency\",\"url\":\"https:\\\/\\\/ceweb-agency.com\\\/\",\"logo\":{\"@type\":\"ImageObject\",\"inLanguage\":\"it-IT\",\"@id\":\"https:\\\/\\\/ceweb-agency.com\\\/#\\\/schema\\\/logo\\\/image\\\/\",\"url\":\"https:\\\/\\\/ceweb-agency.com\\\/wp-content\\\/uploads\\\/2025\\\/06\\\/Logo-Black-Trans.png\",\"contentUrl\":\"https:\\\/\\\/ceweb-agency.com\\\/wp-content\\\/uploads\\\/2025\\\/06\\\/Logo-Black-Trans.png\",\"width\":1790,\"height\":740,\"caption\":\"CEWeb Agency\"},\"image\":{\"@id\":\"https:\\\/\\\/ceweb-agency.com\\\/#\\\/schema\\\/logo\\\/image\\\/\"},\"sameAs\":[\"https:\\\/\\\/www.linkedin.com\\\/company\\\/clement-wds\\\/\"]}]}<\/script>\n<!-- \/ Yoast SEO plugin. -->","yoast_head_json":{"title":"Pr\u00e9-inscription Fleximate - CEWeb Agency","robots":{"index":"index","follow":"follow","max-snippet":"max-snippet:-1","max-image-preview":"max-image-preview:large","max-video-preview":"max-video-preview:-1"},"canonical":"https:\/\/ceweb-agency.com\/it\/fleximate-pre-register\/","og_locale":"it_IT","og_type":"article","og_title":"Pr\u00e9-inscription Fleximate - CEWeb Agency","og_description":"Pr\u00e9-inscription Fleximate Pr\u00e9inscrivez-vous d\u00e8s maintenant pour \u00eatre s\u00fbr de ne pas louper le grand lancement et profiter d&rsquo;avantages exclusifs !\u00a0","og_url":"https:\/\/ceweb-agency.com\/it\/fleximate-pre-register\/","og_site_name":"CEWeb Agency","article_modified_time":"2025-09-16T13:12:30+00:00","twitter_card":"summary_large_image","twitter_misc":{"Tempo di lettura stimato":"1 minuto"},"schema":{"@context":"https:\/\/schema.org","@graph":[{"@type":"WebPage","@id":"https:\/\/ceweb-agency.com\/fleximate-pre-register\/","url":"https:\/\/ceweb-agency.com\/fleximate-pre-register\/","name":"Pr\u00e9-inscription Fleximate - CEWeb Agency","isPartOf":{"@id":"https:\/\/ceweb-agency.com\/#website"},"datePublished":"2025-09-16T13:08:30+00:00","dateModified":"2025-09-16T13:12:30+00:00","breadcrumb":{"@id":"https:\/\/ceweb-agency.com\/fleximate-pre-register\/#breadcrumb"},"inLanguage":"it-IT","potentialAction":[{"@type":"ReadAction","target":["https:\/\/ceweb-agency.com\/fleximate-pre-register\/"]}]},{"@type":"BreadcrumbList","@id":"https:\/\/ceweb-agency.com\/fleximate-pre-register\/#breadcrumb","itemListElement":[{"@type":"ListItem","position":1,"name":"Home","item":"https:\/\/ceweb-agency.com\/"},{"@type":"ListItem","position":2,"name":"Pr\u00e9-inscription Fleximate"}]},{"@type":"WebSite","@id":"https:\/\/ceweb-agency.com\/#website","url":"https:\/\/ceweb-agency.com\/","name":"CEWeb Agency","description":"Agence web sp\u00e9cialis\u00e9es en d\u00e9veloppement et conseils","publisher":{"@id":"https:\/\/ceweb-agency.com\/#organization"},"potentialAction":[{"@type":"SearchAction","target":{"@type":"EntryPoint","urlTemplate":"https:\/\/ceweb-agency.com\/?s={search_term_string}"},"query-input":{"@type":"PropertyValueSpecification","valueRequired":true,"valueName":"search_term_string"}}],"inLanguage":"it-IT"},{"@type":"Organization","@id":"https:\/\/ceweb-agency.com\/#organization","name":"CEWeb Agency","url":"https:\/\/ceweb-agency.com\/","logo":{"@type":"ImageObject","inLanguage":"it-IT","@id":"https:\/\/ceweb-agency.com\/#\/schema\/logo\/image\/","url":"https:\/\/ceweb-agency.com\/wp-content\/uploads\/2025\/06\/Logo-Black-Trans.png","contentUrl":"https:\/\/ceweb-agency.com\/wp-content\/uploads\/2025\/06\/Logo-Black-Trans.png","width":1790,"height":740,"caption":"CEWeb Agency"},"image":{"@id":"https:\/\/ceweb-agency.com\/#\/schema\/logo\/image\/"},"sameAs":["https:\/\/www.linkedin.com\/company\/clement-wds\/"]}]}},"_links":{"self":[{"href":"https:\/\/ceweb-agency.com\/it\/wp-json\/wp\/v2\/pages\/2329","targetHints":{"allow":["GET"]}}],"collection":[{"href":"https:\/\/ceweb-agency.com\/it\/wp-json\/wp\/v2\/pages"}],"about":[{"href":"https:\/\/ceweb-agency.com\/it\/wp-json\/wp\/v2\/types\/page"}],"author":[{"embeddable":true,"href":"https:\/\/ceweb-agency.com\/it\/wp-json\/wp\/v2\/users\/1"}],"replies":[{"embeddable":true,"href":"https:\/\/ceweb-agency.com\/it\/wp-json\/wp\/v2\/comments?post=2329"}],"version-history":[{"count":10,"href":"https:\/\/ceweb-agency.com\/it\/wp-json\/wp\/v2\/pages\/2329\/revisions"}],"predecessor-version":[{"id":2339,"href":"https:\/\/ceweb-agency.com\/it\/wp-json\/wp\/v2\/pages\/2329\/revisions\/2339"}],"wp:attachment":[{"href":"https:\/\/ceweb-agency.com\/it\/wp-json\/wp\/v2\/media?parent=2329"}],"curies":[{"name":"wp","href":"https:\/\/api.w.org\/{rel}","templated":true}]}}