{"id":2343,"date":"2025-09-16T14:51:18","date_gmt":"2025-09-16T14:51:18","guid":{"rendered":"https:\/\/ceweb-agency.com\/?page_id=2343"},"modified":"2025-09-29T07:46:31","modified_gmt":"2025-09-29T07:46:31","slug":"estimate","status":"publish","type":"page","link":"https:\/\/ceweb-agency.com\/it\/estimate\/","title":{"rendered":"Richiedi un preventivo"},"content":{"rendered":"\t\t<div data-elementor-type=\"wp-page\" data-elementor-id=\"2343\" class=\"elementor elementor-2343\" data-elementor-settings=\"{&quot;element_pack_global_tooltip_width&quot;:{&quot;unit&quot;:&quot;px&quot;,&quot;size&quot;:&quot;&quot;,&quot;sizes&quot;:[]},&quot;element_pack_global_tooltip_width_tablet&quot;:{&quot;unit&quot;:&quot;px&quot;,&quot;size&quot;:&quot;&quot;,&quot;sizes&quot;:[]},&quot;element_pack_global_tooltip_width_mobile&quot;:{&quot;unit&quot;:&quot;px&quot;,&quot;size&quot;:&quot;&quot;,&quot;sizes&quot;:[]},&quot;element_pack_global_tooltip_padding&quot;:{&quot;unit&quot;:&quot;px&quot;,&quot;top&quot;:&quot;&quot;,&quot;right&quot;:&quot;&quot;,&quot;bottom&quot;:&quot;&quot;,&quot;left&quot;:&quot;&quot;,&quot;isLinked&quot;:true},&quot;element_pack_global_tooltip_padding_tablet&quot;:{&quot;unit&quot;:&quot;px&quot;,&quot;top&quot;:&quot;&quot;,&quot;right&quot;:&quot;&quot;,&quot;bottom&quot;:&quot;&quot;,&quot;left&quot;:&quot;&quot;,&quot;isLinked&quot;:true},&quot;element_pack_global_tooltip_padding_mobile&quot;:{&quot;unit&quot;:&quot;px&quot;,&quot;top&quot;:&quot;&quot;,&quot;right&quot;:&quot;&quot;,&quot;bottom&quot;:&quot;&quot;,&quot;left&quot;:&quot;&quot;,&quot;isLinked&quot;:true},&quot;element_pack_global_tooltip_border_radius&quot;:{&quot;unit&quot;:&quot;px&quot;,&quot;top&quot;:&quot;&quot;,&quot;right&quot;:&quot;&quot;,&quot;bottom&quot;:&quot;&quot;,&quot;left&quot;:&quot;&quot;,&quot;isLinked&quot;:true},&quot;element_pack_global_tooltip_border_radius_tablet&quot;:{&quot;unit&quot;:&quot;px&quot;,&quot;top&quot;:&quot;&quot;,&quot;right&quot;:&quot;&quot;,&quot;bottom&quot;:&quot;&quot;,&quot;left&quot;:&quot;&quot;,&quot;isLinked&quot;:true},&quot;element_pack_global_tooltip_border_radius_mobile&quot;:{&quot;unit&quot;:&quot;px&quot;,&quot;top&quot;:&quot;&quot;,&quot;right&quot;:&quot;&quot;,&quot;bottom&quot;:&quot;&quot;,&quot;left&quot;:&quot;&quot;,&quot;isLinked&quot;:true}}\" data-elementor-post-type=\"page\">\n\t\t\t\t<div class=\"elementor-element elementor-element-d498f27 e-con-full bdt-particles-yes e-flex magic-button-disabled-no e-con e-parent\" data-id=\"d498f27\" data-element_type=\"container\" data-e-type=\"container\" data-settings=\"{&quot;background_background&quot;:&quot;gradient&quot;,&quot;section_particles_on&quot;:&quot;yes&quot;,&quot;section_particles_js&quot;:&quot;{\\n  \\&quot;particles\\&quot;: {\\n    \\&quot;number\\&quot;: {\\n      \\&quot;value\\&quot;: 160,\\n      \\&quot;density\\&quot;: {\\n        \\&quot;enable\\&quot;: true,\\n        \\&quot;value_area\\&quot;: 800\\n      }\\n    },\\n    \\&quot;color\\&quot;: {\\n      \\&quot;value\\&quot;: \\&quot;#ffffff\\&quot;\\n    },\\n    \\&quot;shape\\&quot;: {\\n      \\&quot;type\\&quot;: \\&quot;circle\\&quot;,\\n      \\&quot;stroke\\&quot;: {\\n        \\&quot;width\\&quot;: 0,\\n        \\&quot;color\\&quot;: \\&quot;#000000\\&quot;\\n      },\\n      \\&quot;polygon\\&quot;: {\\n        \\&quot;nb_sides\\&quot;: 5\\n      },\\n      \\&quot;image\\&quot;: {\\n        \\&quot;src\\&quot;: \\&quot;img\\\/github.svg\\&quot;,\\n        \\&quot;width\\&quot;: 100,\\n        \\&quot;height\\&quot;: 100\\n      }\\n    },\\n    \\&quot;opacity\\&quot;: {\\n      \\&quot;value\\&quot;: 1,\\n      \\&quot;random\\&quot;: true,\\n      \\&quot;anim\\&quot;: {\\n        \\&quot;enable\\&quot;: true,\\n        \\&quot;speed\\&quot;: 1,\\n        \\&quot;opacity_min\\&quot;: 0,\\n        \\&quot;sync\\&quot;: false\\n      }\\n    },\\n    \\&quot;size\\&quot;: {\\n      \\&quot;value\\&quot;: 3,\\n      \\&quot;random\\&quot;: true,\\n      \\&quot;anim\\&quot;: {\\n        \\&quot;enable\\&quot;: false,\\n        \\&quot;speed\\&quot;: 4,\\n        \\&quot;size_min\\&quot;: 0.3,\\n        \\&quot;sync\\&quot;: false\\n      }\\n    },\\n    \\&quot;line_linked\\&quot;: {\\n      \\&quot;enable\\&quot;: false,\\n      \\&quot;distance\\&quot;: 150,\\n      \\&quot;color\\&quot;: \\&quot;#ffffff\\&quot;,\\n      \\&quot;opacity\\&quot;: 0.4,\\n      \\&quot;width\\&quot;: 1\\n    },\\n    \\&quot;move\\&quot;: {\\n      \\&quot;enable\\&quot;: true,\\n      \\&quot;speed\\&quot;: 1,\\n      \\&quot;direction\\&quot;: \\&quot;none\\&quot;,\\n      \\&quot;random\\&quot;: true,\\n      \\&quot;straight\\&quot;: false,\\n      \\&quot;out_mode\\&quot;: \\&quot;out\\&quot;,\\n      \\&quot;bounce\\&quot;: false,\\n      \\&quot;attract\\&quot;: {\\n        \\&quot;enable\\&quot;: false,\\n        \\&quot;rotateX\\&quot;: 600,\\n        \\&quot;rotateY\\&quot;: 600\\n      }\\n    }\\n  },\\n  \\&quot;interactivity\\&quot;: {\\n    \\&quot;detect_on\\&quot;: \\&quot;canvas\\&quot;,\\n    \\&quot;events\\&quot;: {\\n      \\&quot;onhover\\&quot;: {\\n        \\&quot;enable\\&quot;: true,\\n        \\&quot;mode\\&quot;: \\&quot;bubble\\&quot;\\n      },\\n      \\&quot;onclick\\&quot;: {\\n        \\&quot;enable\\&quot;: true,\\n        \\&quot;mode\\&quot;: \\&quot;repulse\\&quot;\\n      },\\n      \\&quot;resize\\&quot;: true\\n    },\\n    \\&quot;modes\\&quot;: {\\n      \\&quot;grab\\&quot;: {\\n        \\&quot;distance\\&quot;: 400,\\n        \\&quot;line_linked\\&quot;: {\\n          \\&quot;opacity\\&quot;: 1\\n        }\\n      },\\n      \\&quot;bubble\\&quot;: {\\n        \\&quot;distance\\&quot;: 250,\\n        \\&quot;size\\&quot;: 0,\\n        \\&quot;duration\\&quot;: 2,\\n        \\&quot;opacity\\&quot;: 0,\\n        \\&quot;speed\\&quot;: 3\\n      },\\n      \\&quot;repulse\\&quot;: {\\n        \\&quot;distance\\&quot;: 400,\\n        \\&quot;duration\\&quot;: 0.4\\n      },\\n      \\&quot;push\\&quot;: {\\n        \\&quot;particles_nb\\&quot;: 4\\n      },\\n      \\&quot;remove\\&quot;: {\\n        \\&quot;particles_nb\\&quot;: 2\\n      }\\n    }\\n  },\\n  \\&quot;retina_detect\\&quot;: true\\n}&quot;}\">\n\t\t\t\t<div class=\"elementor-element elementor-element-6ca68e7 elementor-widget__width-initial elementor-widget elementor-widget-heading\" data-id=\"6ca68e7\" data-element_type=\"widget\" data-e-type=\"widget\" data-widget_type=\"heading.default\">\n\t\t\t\t<div class=\"elementor-widget-container\">\n\t\t\t\t\t<h1 class=\"elementor-heading-title elementor-size-default\">Demander un Devis<\/h1>\t\t\t\t<\/div>\n\t\t\t\t<\/div>\n\t\t\t\t<div class=\"elementor-element elementor-element-7e86638 elementor-widget__width-initial elementor-widget elementor-widget-text-editor\" data-id=\"7e86638\" data-element_type=\"widget\" data-e-type=\"widget\" data-widget_type=\"text-editor.default\">\n\t\t\t\t<div class=\"elementor-widget-container\">\n\t\t\t\t\t\t\t\t\t<p>Demandez un devis en r\u00e9pondant au questionnaire suivant. Vous serez contact\u00e9 rapidement pour \u00e9tablir ensemble celui-ci et vous proposer la solution la plus proche de votre besoin !<\/p>\t\t\t\t\t\t\t\t<\/div>\n\t\t\t\t<\/div>\n\t\t\t\t<\/div>\n\t\t<div class=\"elementor-element elementor-element-e1ca238 e-flex e-con-boxed magic-button-disabled-no e-con e-parent\" data-id=\"e1ca238\" data-element_type=\"container\" data-e-type=\"container\">\n\t\t\t\t\t<div class=\"e-con-inner\">\n\t\t\t\t<div class=\"elementor-element elementor-element-8cbdea1 elementor-button-align-stretch elementor-widget elementor-widget-form\" data-id=\"8cbdea1\" data-element_type=\"widget\" data-e-type=\"widget\" data-settings=\"{&quot;step_next_label&quot;:&quot;Suivant&quot;,&quot;step_previous_label&quot;:&quot;Pr\\u00e9c\\u00e9dent&quot;,&quot;button_width&quot;:&quot;100&quot;,&quot;step_type&quot;:&quot;number_text&quot;,&quot;step_icon_shape&quot;:&quot;circle&quot;}\" data-widget_type=\"form.default\">\n\t\t\t\t<div class=\"elementor-widget-container\">\n\t\t\t\t\t\t\t<form class=\"elementor-form\" method=\"post\" name=\"Nouveau formulaire\" aria-label=\"Nouveau formulaire\">\n\t\t\t<input type=\"hidden\" name=\"post_id\" value=\"2343\"\/>\n\t\t\t<input type=\"hidden\" name=\"form_id\" value=\"8cbdea1\"\/>\n\t\t\t<input type=\"hidden\" name=\"referer_title\" value=\"Demander un Devis - CEWeb Agency\" \/>\n\n\t\t\t\t\t\t\t<input type=\"hidden\" name=\"queried_id\" value=\"2343\"\/>\n\t\t\t\n\t\t\t<div class=\"elementor-form-fields-wrapper elementor-labels-above\">\n\t\t\t\t\t\t\t\t<div class=\"elementor-field-type-select elementor-field-group elementor-column elementor-field-group-field_47057b1 elementor-col-100 elementor-field-required elementor-mark-required\">\n\t\t\t\t\t\t\t\t\t\t\t\t<label for=\"form-field-field_47057b1\" class=\"elementor-field-label\">\n\t\t\t\t\t\t\t\tService souhait\u00e9\t\t\t\t\t\t\t<\/label>\n\t\t\t\t\t\t\t\t<div class=\"elementor-field elementor-select-wrapper remove-before \">\n\t\t\t<div class=\"select-caret-down-wrapper\">\n\t\t\t\t<svg aria-hidden=\"true\" class=\"e-font-icon-svg e-eicon-caret-down\" viewBox=\"0 0 571.4 571.4\" xmlns=\"http:\/\/www.w3.org\/2000\/svg\"><path d=\"M571 393Q571 407 561 418L311 668Q300 679 286 679T261 668L11 418Q0 407 0 393T11 368 36 357H536Q550 357 561 368T571 393Z\"><\/path><\/svg>\t\t\t<\/div>\n\t\t\t<select name=\"form_fields[field_47057b1]\" id=\"form-field-field_47057b1\" class=\"elementor-field-textual elementor-size-sm\" required=\"required\">\n\t\t\t\t\t\t\t\t\t<option value=\"Spotlight - Site vitrine\">Spotlight - Site vitrine<\/option>\n\t\t\t\t\t\t\t\t\t<option value=\"Spotlight - site e-commerce\">Spotlight - site e-commerce<\/option>\n\t\t\t\t\t\t\t\t\t<option value=\"Spotlight - site institutionnel\">Spotlight - site institutionnel<\/option>\n\t\t\t\t\t\t\t\t\t<option value=\"Spotlight - landing-page\">Spotlight - landing-page<\/option>\n\t\t\t\t\t\t\t\t\t<option value=\"Hand Made - Application mobile\">Hand Made - Application mobile<\/option>\n\t\t\t\t\t\t\t\t\t<option value=\"Hand Made - Logiciel m\u00e9tier\">Hand Made - Logiciel m\u00e9tier<\/option>\n\t\t\t\t\t\t\t\t\t<option value=\"Hand Made - API\">Hand Made - API<\/option>\n\t\t\t\t\t\t\t\t\t<option value=\"Consulting - Prestation de d\u00e9veloppement\">Consulting - Prestation de d\u00e9veloppement<\/option>\n\t\t\t\t\t\t\t\t\t<option value=\"Consulting - Audit \/ Conformit\u00e9 RGPD\">Consulting - Audit \/ Conformit\u00e9 RGPD<\/option>\n\t\t\t\t\t\t\t\t\t<option value=\"Consulting - Audit \/ Conformit\u00e9 RGAA\">Consulting - Audit \/ Conformit\u00e9 RGAA<\/option>\n\t\t\t\t\t\t\t\t\t<option value=\"Consulting - Eco-conception\">Consulting - Eco-conception<\/option>\n\t\t\t\t\t\t\t\t\t<option value=\"Consulting - Communication\">Consulting - Communication<\/option>\n\t\t\t\t\t\t\t\t\t<option value=\"Consulting - Transformation digitale\">Consulting - Transformation digitale<\/option>\n\t\t\t\t\t\t\t\t\t<option value=\"Bobby - Maintenance\">Bobby - Maintenance<\/option>\n\t\t\t\t\t\t\t\t\t<option value=\"Hosting - H\u00e9bergement Web\">Hosting - H\u00e9bergement Web<\/option>\n\t\t\t\t\t\t\t\t\t<option value=\"Autres\">Autres<\/option>\n\t\t\t\t\t\t\t<\/select>\n\t\t<\/div>\n\t\t\t\t\t\t<\/div>\n\t\t\t\t\t\t\t\t<div class=\"elementor-field-type-text elementor-field-group elementor-column elementor-field-group-name elementor-col-100 elementor-field-required elementor-mark-required\">\n\t\t\t\t\t\t\t\t\t\t\t\t<label for=\"form-field-name\" class=\"elementor-field-label\">\n\t\t\t\t\t\t\t\tNom et pr\u00e9nom\t\t\t\t\t\t\t<\/label>\n\t\t\t\t\t\t\t\t\t\t\t\t\t\t<input size=\"1\" type=\"text\" name=\"form_fields[name]\" id=\"form-field-name\" class=\"elementor-field elementor-size-sm  elementor-field-textual\" required=\"required\">\n\t\t\t\t\t\t\t\t\t\t\t<\/div>\n\t\t\t\t\t\t\t\t<div class=\"elementor-field-type-text elementor-field-group elementor-column elementor-field-group-field_cd9292b elementor-col-100 elementor-field-required elementor-mark-required\">\n\t\t\t\t\t\t\t\t\t\t\t\t<label for=\"form-field-field_cd9292b\" class=\"elementor-field-label\">\n\t\t\t\t\t\t\t\tNom de la soci\u00e9t\u00e9\t\t\t\t\t\t\t<\/label>\n\t\t\t\t\t\t\t\t\t\t\t\t\t\t<input size=\"1\" type=\"text\" name=\"form_fields[field_cd9292b]\" id=\"form-field-field_cd9292b\" class=\"elementor-field elementor-size-sm  elementor-field-textual\" required=\"required\">\n\t\t\t\t\t\t\t\t\t\t\t<\/div>\n\t\t\t\t\t\t\t\t<div class=\"elementor-field-type-select elementor-field-group elementor-column elementor-field-group-field_e907699 elementor-col-100 elementor-field-required elementor-mark-required\">\n\t\t\t\t\t\t\t\t\t\t\t\t<label for=\"form-field-field_e907699\" class=\"elementor-field-label\">\n\t\t\t\t\t\t\t\tType de structure\t\t\t\t\t\t\t<\/label>\n\t\t\t\t\t\t\t\t<div class=\"elementor-field elementor-select-wrapper remove-before \">\n\t\t\t<div class=\"select-caret-down-wrapper\">\n\t\t\t\t<svg aria-hidden=\"true\" class=\"e-font-icon-svg e-eicon-caret-down\" viewBox=\"0 0 571.4 571.4\" xmlns=\"http:\/\/www.w3.org\/2000\/svg\"><path d=\"M571 393Q571 407 561 418L311 668Q300 679 286 679T261 668L11 418Q0 407 0 393T11 368 36 357H536Q550 357 561 368T571 393Z\"><\/path><\/svg>\t\t\t<\/div>\n\t\t\t<select name=\"form_fields[field_e907699]\" id=\"form-field-field_e907699\" class=\"elementor-field-textual elementor-size-sm\" required=\"required\">\n\t\t\t\t\t\t\t\t\t<option value=\"Association\">Association<\/option>\n\t\t\t\t\t\t\t\t\t<option value=\"ind\u00e9pendant\">ind\u00e9pendant<\/option>\n\t\t\t\t\t\t\t\t\t<option value=\"TPE\">TPE<\/option>\n\t\t\t\t\t\t\t\t\t<option value=\"PME\">PME<\/option>\n\t\t\t\t\t\t\t\t\t<option value=\"Grande entreprise\">Grande entreprise<\/option>\n\t\t\t\t\t\t\t\t\t<option value=\"Service public\">Service public<\/option>\n\t\t\t\t\t\t\t\t\t<option value=\"Autres\">Autres<\/option>\n\t\t\t\t\t\t\t<\/select>\n\t\t<\/div>\n\t\t\t\t\t\t<\/div>\n\t\t\t\t\t\t\t\t<div class=\"elementor-field-type-email elementor-field-group elementor-column elementor-field-group-email elementor-col-100 elementor-field-required elementor-mark-required\">\n\t\t\t\t\t\t\t\t\t\t\t\t<label for=\"form-field-email\" class=\"elementor-field-label\">\n\t\t\t\t\t\t\t\tE-mail\t\t\t\t\t\t\t<\/label>\n\t\t\t\t\t\t\t\t\t\t\t\t\t\t<input size=\"1\" type=\"email\" name=\"form_fields[email]\" id=\"form-field-email\" class=\"elementor-field elementor-size-sm  elementor-field-textual\" required=\"required\">\n\t\t\t\t\t\t\t\t\t\t\t<\/div>\n\t\t\t\t\t\t\t\t<div class=\"elementor-field-type-tel elementor-field-group elementor-column elementor-field-group-field_2686ea0 elementor-col-100 elementor-field-required elementor-mark-required\">\n\t\t\t\t\t\t\t\t\t\t\t\t<label for=\"form-field-field_2686ea0\" class=\"elementor-field-label\">\n\t\t\t\t\t\t\t\tNum\u00e9ro de t\u00e9l\u00e9phone\t\t\t\t\t\t\t<\/label>\n\t\t\t\t\t\t\t\t<input size=\"1\" type=\"tel\" name=\"form_fields[field_2686ea0]\" id=\"form-field-field_2686ea0\" class=\"elementor-field elementor-size-sm  elementor-field-textual\" required=\"required\" pattern=\"[0-9()#&amp;+*-=.]+\" title=\"Seuls les caract\u00e8res de num\u00e9ros de t\u00e9l\u00e9phone (#, -, *, etc.) sont accept\u00e9s.\">\n\n\t\t\t\t\t\t<\/div>\n\t\t\t\t\t\t\t\t<div class=\"elementor-field-type-textarea elementor-field-group elementor-column elementor-field-group-message elementor-col-100\">\n\t\t\t\t\t\t\t\t\t\t\t\t<label for=\"form-field-message\" class=\"elementor-field-label\">\n\t\t\t\t\t\t\t\tExpliquer en quelques mots votre besoin\t\t\t\t\t\t\t<\/label>\n\t\t\t\t\t\t<textarea class=\"elementor-field-textual elementor-field  elementor-size-sm\" name=\"form_fields[message]\" id=\"form-field-message\" rows=\"4\"><\/textarea>\t\t\t\t<\/div>\n\t\t\t\t\t\t\t\t<div class=\"elementor-field-type-recaptcha_v3 elementor-field-group elementor-column elementor-field-group-field_af40b36 elementor-col-100 recaptcha_v3-bottomright\">\n\t\t\t\t\t<div class=\"elementor-field\" id=\"form-field-field_af40b36\"><div class=\"elementor-g-recaptcha\" data-sitekey=\"6Ld6INIjAAAAAHznbyh57dAcoJ796S1h1E8whw0r\" data-type=\"v3\" data-action=\"Form\" data-badge=\"bottomright\" data-size=\"invisible\"><\/div><\/div>\t\t\t\t<\/div>\n\t\t\t\t\t\t\t\t<div class=\"elementor-field-type-acceptance elementor-field-group elementor-column elementor-field-group-field_9a2a61b elementor-col-100 elementor-field-required elementor-mark-required\">\n\t\t\t\t\t\t\t\t\t\t\t\t<label for=\"form-field-field_9a2a61b\" class=\"elementor-field-label\">\n\t\t\t\t\t\t\t\tConsentement\t\t\t\t\t\t\t<\/label>\n\t\t\t\t\t\t\t\t<div class=\"elementor-field-subgroup\">\n\t\t\t<span class=\"elementor-field-option\">\n\t\t\t\t<input type=\"checkbox\" name=\"form_fields[field_9a2a61b]\" id=\"form-field-field_9a2a61b\" class=\"elementor-field elementor-size-sm  elementor-acceptance-field\" required=\"required\">\n\t\t\t\t<label for=\"form-field-field_9a2a61b\">J'accepte d'\u00eatre recontact\u00e9 afin d'\u00e9tablir et de recevoir mon devis.<\/label>\t\t\t<\/span>\n\t\t<\/div>\n\t\t\t\t\t\t<\/div>\n\t\t\t\t\t\t\t\t<div class=\"elementor-field-group elementor-column elementor-field-type-submit elementor-col-100 e-form__buttons\">\n\t\t\t\t\t<button class=\"elementor-button elementor-size-sm\" type=\"submit\">\n\t\t\t\t\t\t<span class=\"elementor-button-content-wrapper\">\n\t\t\t\t\t\t\t\t\t\t\t\t\t\t\t\t\t\t\t\t\t\t<span class=\"elementor-button-text\">Envoyer<\/span>\n\t\t\t\t\t\t\t\t\t\t\t\t\t<\/span>\n\t\t\t\t\t<\/button>\n\t\t\t\t<\/div>\n\t\t\t<\/div>\n\t\t<\/form>\n\t\t\t\t\t\t<\/div>\n\t\t\t\t<\/div>\n\t\t\t\t\t<\/div>\n\t\t\t\t<\/div>\n\t\t\t\t<\/div>\n\t\t","protected":false},"excerpt":{"rendered":"<p>Demander un Devis Demandez un devis en r\u00e9pondant au questionnaire suivant. Vous serez contact\u00e9 rapidement pour \u00e9tablir ensemble celui-ci et vous proposer la solution la plus proche de votre besoin !<\/p>","protected":false},"author":1,"featured_media":0,"parent":0,"menu_order":0,"comment_status":"closed","ping_status":"closed","template":"","meta":{"content-type":"","footnotes":""},"class_list":["post-2343","page","type-page","status-publish","hentry"],"blocksy_meta":{"has_hero_section":"disabled","vertical_spacing_source":"custom","content_area_spacing":"none","styles_descriptor":{"styles":{"desktop":"","tablet":"","mobile":""},"google_fonts":[],"version":6}},"yoast_head":"<!-- This site is optimized with the Yoast SEO plugin v27.5 - https:\/\/yoast.com\/product\/yoast-seo-wordpress\/ -->\n<title>Demander un Devis - CEWeb Agency<\/title>\n<meta name=\"robots\" content=\"index, follow, max-snippet:-1, max-image-preview:large, max-video-preview:-1\" \/>\n<link rel=\"canonical\" href=\"https:\/\/ceweb-agency.com\/it\/estimate\/\" \/>\n<meta property=\"og:locale\" content=\"it_IT\" \/>\n<meta property=\"og:type\" content=\"article\" \/>\n<meta property=\"og:title\" content=\"Demander un Devis - CEWeb Agency\" \/>\n<meta property=\"og:description\" content=\"Demander un Devis Demandez un devis en r\u00e9pondant au questionnaire suivant. Vous serez contact\u00e9 rapidement pour \u00e9tablir ensemble celui-ci et vous proposer la solution la plus proche de votre besoin !\" \/>\n<meta property=\"og:url\" content=\"https:\/\/ceweb-agency.com\/it\/estimate\/\" \/>\n<meta property=\"og:site_name\" content=\"CEWeb Agency\" \/>\n<meta property=\"article:modified_time\" content=\"2025-09-29T07:46:31+00:00\" \/>\n<meta name=\"twitter:card\" content=\"summary_large_image\" \/>\n<meta name=\"twitter:label1\" content=\"Tempo di lettura stimato\" \/>\n\t<meta name=\"twitter:data1\" content=\"1 minuto\" \/>\n<script type=\"application\/ld+json\" class=\"yoast-schema-graph\">{\"@context\":\"https:\\\/\\\/schema.org\",\"@graph\":[{\"@type\":\"WebPage\",\"@id\":\"https:\\\/\\\/ceweb-agency.com\\\/estimate\\\/\",\"url\":\"https:\\\/\\\/ceweb-agency.com\\\/estimate\\\/\",\"name\":\"Demander un Devis - CEWeb Agency\",\"isPartOf\":{\"@id\":\"https:\\\/\\\/ceweb-agency.com\\\/#website\"},\"datePublished\":\"2025-09-16T14:51:18+00:00\",\"dateModified\":\"2025-09-29T07:46:31+00:00\",\"breadcrumb\":{\"@id\":\"https:\\\/\\\/ceweb-agency.com\\\/estimate\\\/#breadcrumb\"},\"inLanguage\":\"it-IT\",\"potentialAction\":[{\"@type\":\"ReadAction\",\"target\":[\"https:\\\/\\\/ceweb-agency.com\\\/estimate\\\/\"]}]},{\"@type\":\"BreadcrumbList\",\"@id\":\"https:\\\/\\\/ceweb-agency.com\\\/estimate\\\/#breadcrumb\",\"itemListElement\":[{\"@type\":\"ListItem\",\"position\":1,\"name\":\"Home\",\"item\":\"https:\\\/\\\/ceweb-agency.com\\\/\"},{\"@type\":\"ListItem\",\"position\":2,\"name\":\"Demander un Devis\"}]},{\"@type\":\"WebSite\",\"@id\":\"https:\\\/\\\/ceweb-agency.com\\\/#website\",\"url\":\"https:\\\/\\\/ceweb-agency.com\\\/\",\"name\":\"CEWeb Agency\",\"description\":\"Agence web sp\u00e9cialis\u00e9es en d\u00e9veloppement et conseils\",\"publisher\":{\"@id\":\"https:\\\/\\\/ceweb-agency.com\\\/#organization\"},\"potentialAction\":[{\"@type\":\"SearchAction\",\"target\":{\"@type\":\"EntryPoint\",\"urlTemplate\":\"https:\\\/\\\/ceweb-agency.com\\\/?s={search_term_string}\"},\"query-input\":{\"@type\":\"PropertyValueSpecification\",\"valueRequired\":true,\"valueName\":\"search_term_string\"}}],\"inLanguage\":\"it-IT\"},{\"@type\":\"Organization\",\"@id\":\"https:\\\/\\\/ceweb-agency.com\\\/#organization\",\"name\":\"CEWeb Agency\",\"url\":\"https:\\\/\\\/ceweb-agency.com\\\/\",\"logo\":{\"@type\":\"ImageObject\",\"inLanguage\":\"it-IT\",\"@id\":\"https:\\\/\\\/ceweb-agency.com\\\/#\\\/schema\\\/logo\\\/image\\\/\",\"url\":\"https:\\\/\\\/ceweb-agency.com\\\/wp-content\\\/uploads\\\/2025\\\/06\\\/Logo-Black-Trans.png\",\"contentUrl\":\"https:\\\/\\\/ceweb-agency.com\\\/wp-content\\\/uploads\\\/2025\\\/06\\\/Logo-Black-Trans.png\",\"width\":1790,\"height\":740,\"caption\":\"CEWeb Agency\"},\"image\":{\"@id\":\"https:\\\/\\\/ceweb-agency.com\\\/#\\\/schema\\\/logo\\\/image\\\/\"},\"sameAs\":[\"https:\\\/\\\/www.linkedin.com\\\/company\\\/clement-wds\\\/\"]}]}<\/script>\n<!-- \/ Yoast SEO plugin. -->","yoast_head_json":{"title":"Demander un Devis - CEWeb Agency","robots":{"index":"index","follow":"follow","max-snippet":"max-snippet:-1","max-image-preview":"max-image-preview:large","max-video-preview":"max-video-preview:-1"},"canonical":"https:\/\/ceweb-agency.com\/it\/estimate\/","og_locale":"it_IT","og_type":"article","og_title":"Demander un Devis - CEWeb Agency","og_description":"Demander un Devis Demandez un devis en r\u00e9pondant au questionnaire suivant. Vous serez contact\u00e9 rapidement pour \u00e9tablir ensemble celui-ci et vous proposer la solution la plus proche de votre besoin !","og_url":"https:\/\/ceweb-agency.com\/it\/estimate\/","og_site_name":"CEWeb Agency","article_modified_time":"2025-09-29T07:46:31+00:00","twitter_card":"summary_large_image","twitter_misc":{"Tempo di lettura stimato":"1 minuto"},"schema":{"@context":"https:\/\/schema.org","@graph":[{"@type":"WebPage","@id":"https:\/\/ceweb-agency.com\/estimate\/","url":"https:\/\/ceweb-agency.com\/estimate\/","name":"Demander un Devis - CEWeb Agency","isPartOf":{"@id":"https:\/\/ceweb-agency.com\/#website"},"datePublished":"2025-09-16T14:51:18+00:00","dateModified":"2025-09-29T07:46:31+00:00","breadcrumb":{"@id":"https:\/\/ceweb-agency.com\/estimate\/#breadcrumb"},"inLanguage":"it-IT","potentialAction":[{"@type":"ReadAction","target":["https:\/\/ceweb-agency.com\/estimate\/"]}]},{"@type":"BreadcrumbList","@id":"https:\/\/ceweb-agency.com\/estimate\/#breadcrumb","itemListElement":[{"@type":"ListItem","position":1,"name":"Home","item":"https:\/\/ceweb-agency.com\/"},{"@type":"ListItem","position":2,"name":"Demander un Devis"}]},{"@type":"WebSite","@id":"https:\/\/ceweb-agency.com\/#website","url":"https:\/\/ceweb-agency.com\/","name":"CEWeb Agency","description":"Agence web sp\u00e9cialis\u00e9es en d\u00e9veloppement et conseils","publisher":{"@id":"https:\/\/ceweb-agency.com\/#organization"},"potentialAction":[{"@type":"SearchAction","target":{"@type":"EntryPoint","urlTemplate":"https:\/\/ceweb-agency.com\/?s={search_term_string}"},"query-input":{"@type":"PropertyValueSpecification","valueRequired":true,"valueName":"search_term_string"}}],"inLanguage":"it-IT"},{"@type":"Organization","@id":"https:\/\/ceweb-agency.com\/#organization","name":"CEWeb Agency","url":"https:\/\/ceweb-agency.com\/","logo":{"@type":"ImageObject","inLanguage":"it-IT","@id":"https:\/\/ceweb-agency.com\/#\/schema\/logo\/image\/","url":"https:\/\/ceweb-agency.com\/wp-content\/uploads\/2025\/06\/Logo-Black-Trans.png","contentUrl":"https:\/\/ceweb-agency.com\/wp-content\/uploads\/2025\/06\/Logo-Black-Trans.png","width":1790,"height":740,"caption":"CEWeb Agency"},"image":{"@id":"https:\/\/ceweb-agency.com\/#\/schema\/logo\/image\/"},"sameAs":["https:\/\/www.linkedin.com\/company\/clement-wds\/"]}]}},"_links":{"self":[{"href":"https:\/\/ceweb-agency.com\/it\/wp-json\/wp\/v2\/pages\/2343","targetHints":{"allow":["GET"]}}],"collection":[{"href":"https:\/\/ceweb-agency.com\/it\/wp-json\/wp\/v2\/pages"}],"about":[{"href":"https:\/\/ceweb-agency.com\/it\/wp-json\/wp\/v2\/types\/page"}],"author":[{"embeddable":true,"href":"https:\/\/ceweb-agency.com\/it\/wp-json\/wp\/v2\/users\/1"}],"replies":[{"embeddable":true,"href":"https:\/\/ceweb-agency.com\/it\/wp-json\/wp\/v2\/comments?post=2343"}],"version-history":[{"count":22,"href":"https:\/\/ceweb-agency.com\/it\/wp-json\/wp\/v2\/pages\/2343\/revisions"}],"predecessor-version":[{"id":2523,"href":"https:\/\/ceweb-agency.com\/it\/wp-json\/wp\/v2\/pages\/2343\/revisions\/2523"}],"wp:attachment":[{"href":"https:\/\/ceweb-agency.com\/it\/wp-json\/wp\/v2\/media?parent=2343"}],"curies":[{"name":"wp","href":"https:\/\/api.w.org\/{rel}","templated":true}]}}